{"id":4193,"date":"2019-01-21T12:44:43","date_gmt":"2019-01-21T12:44:43","guid":{"rendered":"https:\/\/www.bullmer.de\/?page_id=4193"},"modified":"2022-09-01T13:59:52","modified_gmt":"2022-09-01T12:59:52","slug":"contact","status":"publish","type":"page","link":"https:\/\/www.bullmer.de\/en\/contact\/","title":{"rendered":"Contact"},"content":{"rendered":"<div class=\"row justify-content-md-center pb-3\">\n<div class=\"cnt_col\">\n<h3>Germany &#8211; bullmer GmbH<\/h3>\n<p>Heutal 7<br \/>\n72537 Mehrstetten<\/p>\n<hr \/>\n<h3>Austria &#8211; Esto-Schintex Kft.<\/h3>\n<p>Zsigmond kir. u. 2<br \/>\nHU-9789 S\u00e9<\/p>\n<hr \/>\n<h3>Australia &#8211; Pozitive<\/h3>\n<p>5 Raceway Pl,<br \/>\nEastern Creek NSW 2766<br \/>\nSydney<br \/>\nAustralia<br \/>\nwww.pozitive.com.au<\/p>\n<hr \/>\n<h3>Bangladesh &#8211; UNI-ASIA Associates Ltd.<\/h3>\n<p>House No. &#8211; 20<br \/>\n(1s Road No. &#8211; 06 Sector No. \u2013 01, Uttara Dhaka 1230<br \/>\nBangladesh<br \/>\nM. A. Saleque<\/p>\n<hr \/>\n<h3>Brazil &#8211; Silmaq<\/h3>\n<p>Rua Rep\u00fablica Argentina<br \/>\n2025 &#8211; Ponta Aguda<br \/>\nBlumenau-SC &#8211; CEP 89050-101<\/p>\n<p>www.silmaq.com.br<\/p>\n<hr \/>\n<h3>China &#8211; Bullmer Mechanical and Electrical Technology Co. Ltd<\/h3>\n<p>No. 181 Qiyihe Road, Jiangnan Stree<br \/>\n317000 Taizhou<br \/>\nZhejiang Province<br \/>\nChina<\/p>\n<hr \/>\n<h3>Czech Republic &#8211; PFAF<\/h3>\n<p>Bohumira Smerala 3773\/19<br \/>\n79601 Prostejov<\/p>\n<hr \/>\n<h3>Denmark &#8211; NIZE equipment<\/h3>\n<p>Lars Nikolajsen<br \/>\nGodth\u00e5bsvej 27<br \/>\nDK-8660 Skanderborg<\/p>\n<p>www.nizeequipment.com<\/p>\n<hr \/>\n<h3>Estonia &#8211; NIZE equipmen<\/h3>\n<p>NIZE equipmen<br \/>\nLars Nikolajsen<br \/>\nGodth\u00e5bsvej 27<br \/>\nDK-8660 Skanderborg<\/p>\n<p>www.nizeequipment.com<\/p>\n<hr \/>\n<h3>Finland &#8211; NIZE equipmen<\/h3>\n<p>Lars Nikolajsen<br \/>\nGodth\u00e5bsvej 27<br \/>\nDK-8660 Skanderborg<\/p>\n<p>www.nizeequipment.com<\/p>\n<hr \/>\n<h3>United Kingdom &#8211; ASSYS<\/h3>\n<p>Uni<br \/>\nWakefield 41 Business Park,<br \/>\nWakefield WF2 0XJ<br \/>\nWes<br \/>\nwww.assystbullmer.co.uk<\/p>\n<hr \/>\n<h3>Croatia &#8211; LTS d.o.o.<\/h3>\n<p>Trg. Sv. Trojstva 3<br \/>\n42230 Ludbreg<br \/>\nCroatia<\/p>\n<hr \/>\n<h3>Hungary &#8211; Esto-Schintex Kft.<\/h3>\n<p>Zsigmond kir. u. 2<br \/>\nHU-9789 S\u00e9<\/p>\n<hr \/>\n<h3>Italy &#8211; Bullmer Italien S.R.L.<\/h3>\n<p>Via Buozzi, 34<br \/>\nLoc. Cadriano<br \/>\n40057 Granarolo dell&#8217;Emilia (BO)<\/p>\n<hr \/>\n<h3>Lithuania &#8211; NIZE equipment<\/h3>\n<p>Lars Nikolajsen<br \/>\nGodth\u00e5bsvej 27<br \/>\nDK-8660 Skanderborg<\/p>\n<p>www.nizeequipment.com<\/p>\n<hr \/>\n<h3>Latvia &#8211; NIZE equipment<\/h3>\n<p>Lars Nikolajsen<br \/>\nGodth\u00e5bsvej 27<br \/>\nDK-8660 Skanderborg<\/p>\n<p>www.nizeequipment.com<\/p>\n<hr \/>\n<h3>Morocco &#8211; UMS<\/h3>\n<p>16, boulevard 9 avril<br \/>\nPalmier<br \/>\nCasablanca<br \/>\nContact: Faiz Fazly<\/p>\n<p>Habillemen<\/p>\n<hr \/>\n<h3>Morocco &#8211; Afrique du Nord &#8211; North Africa<br \/>\nMorocco Algeria Tunisia<\/h3>\n<p>Tous Textiles techniques hors Habillement<br \/>\nNon Apparel &amp; Technical textiles<\/p>\n<hr \/>\n<h3>Norway &#8211; NIZE equipment<\/h3>\n<p>Lars Nikolajsen<br \/>\nGodth\u00e5bsvej 27<br \/>\nDK-8660 Skanderborg<\/p>\n<p>www.nizeequipment.com<\/p>\n<hr \/>\n<h3>Poland &#8211; Cu<\/h3>\n<p>ul. Tadeusza 1<br \/>\n43-382 Bielsko-Biala<br \/>\nNIP: 547-155-44-10<br \/>\nwww.cut-service.pl<\/p>\n<p>Poland &#8211; Contec Sp. z o.o.<br \/>\nContec Sp. z o.o.<br \/>\nul. \u0141\u00f3dzka 78<br \/>\n95-054 Ksawer\u00f3w\/ Poland<br \/>\nwww.contec.pl<\/p>\n<hr \/>\n<h3>Portugal &#8211; Invescorte \u2013 Computadores e Sistemas, S.A.<\/h3>\n<p>Herculano Felizardo<br \/>\nLargo dos Mogos,144<br \/>\n4470-343 Vermoim \u2013 Maia Portugal<\/p>\n<p>www.invescorte.pt<\/p>\n<hr \/>\n<h3>Romania &#8211; SC Texco Industrietechnik SRL<\/h3>\n<p>Doljului Str. 2\/88<br \/>\n550063 Sibiu<br \/>\nRomania<\/p>\n<hr \/>\n<h3>Saudi Arabia &#8211; AL-Naseej Al-arabi Co.LTD<\/h3>\n<p>Kingdom o<br \/>\nJeddah<br \/>\nwww.alnaseej.com.sa<\/p>\n<hr \/>\n<h3>Sweden &#8211; NIZE equipment<\/h3>\n<p>Lars Nikolajsen<br \/>\nGodth\u00e5bsvej 27<br \/>\nDK-8660 Skanderborg<\/p>\n<p>www.nizeequipment.com<\/p>\n<hr \/>\n<h3>Slovakia &#8211; OK PFAFF, Ing. Oliver Kraj\u0148\u00e1k, Ing.<\/h3>\n<p>Ko\u017eucha 8<br \/>\n05201 Spi\u0161sk\u00e1 Nov\u00e1 Ves<\/p>\n<hr \/>\n<h3>Tunisia &#8211; Technove<\/h3>\n<p>Rue Omar Kaddeh<br \/>\nImmeuble le Montplaisir 2eme etage 25B<br \/>\nAvenue Kheireddine Pacha<br \/>\n1073 Montplaisir<br \/>\nContact: Ghazi Abdennour<\/p>\n<p>Habillemen<\/p>\n<hr \/>\n<h3>Turkey &#8211; ASTAS END\u00dcSTRI TEKSTIL MAKIN-ALARI SANAYI VE TICARE<\/h3>\n<p>Astas Plaza<br \/>\nKocman CAD No: 57<br \/>\nTR-34600 G\u00fcnesli \/ Istanbul<\/p>\n<p>www.astasjuki.com<\/p>\n<hr \/>\n<h3>United States &#8211; CCTS, LLC | After Sales<\/h3>\n<p>Henk Monsma<br \/>\nPO Box 1061<br \/>\nGarner, NC 27529<\/p>\n<p>www.cadcamtechs.com\n                <\/p><\/div>\n<\/p><\/div>\n","protected":false},"excerpt":{"rendered":"<p>Germany &#8211; bullmer GmbH Heutal 7 72537 Mehrstetten Austria &#8211; Esto-Schintex Kft. Zsigmond kir. u. 2 HU-9789 S\u00e9 Australia &#8211; Pozitive 5 Raceway Pl, Eastern Creek NSW 2766 Sydney Australia www.pozitive.com.au Bangladesh &#8211; UNI-ASIA Associates Ltd. House No. &#8211; 20 (1s Road No. &#8211; 06 Sector No. \u2013 01, Uttara Dhaka 1230 Bangladesh M. A. [&hellip;]<\/p>\n","protected":false},"author":2,"featured_media":0,"parent":0,"menu_order":42,"comment_status":"closed","ping_status":"closed","template":"","meta":{"_acf_changed":false,"footnotes":""},"class_list":["post-4193","page","type-page","status-publish","hentry"],"acf":[],"yoast_head":"<!-- This site is optimized with the Yoast SEO plugin v27.5 - https:\/\/yoast.com\/product\/yoast-seo-wordpress\/ -->\n<title>Contact - bullmer<\/title>\n<meta name=\"robots\" content=\"index, follow, max-snippet:-1, max-image-preview:large, max-video-preview:-1\" \/>\n<link rel=\"canonical\" href=\"https:\/\/www.bullmer.de\/en\/contact\/\" \/>\n<meta property=\"og:locale\" content=\"en_US\" \/>\n<meta property=\"og:type\" content=\"article\" \/>\n<meta property=\"og:title\" content=\"Contact - bullmer\" \/>\n<meta property=\"og:description\" content=\"Germany &#8211; bullmer GmbH Heutal 7 72537 Mehrstetten Austria &#8211; Esto-Schintex Kft. Zsigmond kir. u. 2 HU-9789 S\u00e9 Australia &#8211; Pozitive 5 Raceway Pl, Eastern Creek NSW 2766 Sydney Australia www.pozitive.com.au Bangladesh &#8211; UNI-ASIA Associates Ltd. House No. &#8211; 20 (1s Road No. &#8211; 06 Sector No. \u2013 01, Uttara Dhaka 1230 Bangladesh M. A. [&hellip;]\" \/>\n<meta property=\"og:url\" content=\"https:\/\/www.bullmer.de\/en\/contact\/\" \/>\n<meta property=\"og:site_name\" content=\"bullmer\" \/>\n<meta property=\"article:modified_time\" content=\"2022-09-01T12:59:52+00:00\" \/>\n<meta name=\"twitter:card\" content=\"summary_large_image\" \/>\n<meta name=\"twitter:label1\" content=\"Est. reading time\" \/>\n\t<meta name=\"twitter:data1\" content=\"2 minutes\" \/>\n<script type=\"application\/ld+json\" class=\"yoast-schema-graph\">{\"@context\":\"https:\\\/\\\/schema.org\",\"@graph\":[{\"@type\":\"WebPage\",\"@id\":\"https:\\\/\\\/www.bullmer.de\\\/en\\\/contact\\\/\",\"url\":\"https:\\\/\\\/www.bullmer.de\\\/en\\\/contact\\\/\",\"name\":\"Contact - bullmer\",\"isPartOf\":{\"@id\":\"https:\\\/\\\/www.bullmer.de\\\/en\\\/#website\"},\"datePublished\":\"2019-01-21T12:44:43+00:00\",\"dateModified\":\"2022-09-01T12:59:52+00:00\",\"breadcrumb\":{\"@id\":\"https:\\\/\\\/www.bullmer.de\\\/en\\\/contact\\\/#breadcrumb\"},\"inLanguage\":\"en-US\",\"potentialAction\":[{\"@type\":\"ReadAction\",\"target\":[\"https:\\\/\\\/www.bullmer.de\\\/en\\\/contact\\\/\"]}]},{\"@type\":\"BreadcrumbList\",\"@id\":\"https:\\\/\\\/www.bullmer.de\\\/en\\\/contact\\\/#breadcrumb\",\"itemListElement\":[{\"@type\":\"ListItem\",\"position\":1,\"name\":\"Startseite\",\"item\":\"https:\\\/\\\/www.bullmer.de\\\/en\\\/\"},{\"@type\":\"ListItem\",\"position\":2,\"name\":\"Contact\"}]},{\"@type\":\"WebSite\",\"@id\":\"https:\\\/\\\/www.bullmer.de\\\/en\\\/#website\",\"url\":\"https:\\\/\\\/www.bullmer.de\\\/en\\\/\",\"name\":\"Bullmer\",\"description\":\"Digital Cutting\",\"publisher\":{\"@id\":\"https:\\\/\\\/www.bullmer.de\\\/en\\\/#organization\"},\"potentialAction\":[{\"@type\":\"SearchAction\",\"target\":{\"@type\":\"EntryPoint\",\"urlTemplate\":\"https:\\\/\\\/www.bullmer.de\\\/en\\\/?s={search_term_string}\"},\"query-input\":{\"@type\":\"PropertyValueSpecification\",\"valueRequired\":true,\"valueName\":\"search_term_string\"}}],\"inLanguage\":\"en-US\"},{\"@type\":\"Organization\",\"@id\":\"https:\\\/\\\/www.bullmer.de\\\/en\\\/#organization\",\"name\":\"bullmer GmbH\",\"url\":\"https:\\\/\\\/www.bullmer.de\\\/en\\\/\",\"logo\":{\"@type\":\"ImageObject\",\"inLanguage\":\"en-US\",\"@id\":\"https:\\\/\\\/www.bullmer.de\\\/en\\\/#\\\/schema\\\/logo\\\/image\\\/\",\"url\":\"https:\\\/\\\/www.bullmer.de\\\/wp-content\\\/uploads\\\/2018\\\/09\\\/logo.svg\",\"contentUrl\":\"https:\\\/\\\/www.bullmer.de\\\/wp-content\\\/uploads\\\/2018\\\/09\\\/logo.svg\",\"width\":102,\"height\":36,\"caption\":\"bullmer GmbH\"},\"image\":{\"@id\":\"https:\\\/\\\/www.bullmer.de\\\/en\\\/#\\\/schema\\\/logo\\\/image\\\/\"},\"sameAs\":[\"https:\\\/\\\/www.youtube.com\\\/channel\\\/UCL98Mza2ubvzU26VxIatKbw\"]}]}<\/script>\n<!-- \/ Yoast SEO plugin. -->","yoast_head_json":{"title":"Contact - bullmer","robots":{"index":"index","follow":"follow","max-snippet":"max-snippet:-1","max-image-preview":"max-image-preview:large","max-video-preview":"max-video-preview:-1"},"canonical":"https:\/\/www.bullmer.de\/en\/contact\/","og_locale":"en_US","og_type":"article","og_title":"Contact - bullmer","og_description":"Germany &#8211; bullmer GmbH Heutal 7 72537 Mehrstetten Austria &#8211; Esto-Schintex Kft. Zsigmond kir. u. 2 HU-9789 S\u00e9 Australia &#8211; Pozitive 5 Raceway Pl, Eastern Creek NSW 2766 Sydney Australia www.pozitive.com.au Bangladesh &#8211; UNI-ASIA Associates Ltd. House No. &#8211; 20 (1s Road No. &#8211; 06 Sector No. \u2013 01, Uttara Dhaka 1230 Bangladesh M. A. [&hellip;]","og_url":"https:\/\/www.bullmer.de\/en\/contact\/","og_site_name":"bullmer","article_modified_time":"2022-09-01T12:59:52+00:00","twitter_card":"summary_large_image","twitter_misc":{"Est. reading time":"2 minutes"},"schema":{"@context":"https:\/\/schema.org","@graph":[{"@type":"WebPage","@id":"https:\/\/www.bullmer.de\/en\/contact\/","url":"https:\/\/www.bullmer.de\/en\/contact\/","name":"Contact - bullmer","isPartOf":{"@id":"https:\/\/www.bullmer.de\/en\/#website"},"datePublished":"2019-01-21T12:44:43+00:00","dateModified":"2022-09-01T12:59:52+00:00","breadcrumb":{"@id":"https:\/\/www.bullmer.de\/en\/contact\/#breadcrumb"},"inLanguage":"en-US","potentialAction":[{"@type":"ReadAction","target":["https:\/\/www.bullmer.de\/en\/contact\/"]}]},{"@type":"BreadcrumbList","@id":"https:\/\/www.bullmer.de\/en\/contact\/#breadcrumb","itemListElement":[{"@type":"ListItem","position":1,"name":"Startseite","item":"https:\/\/www.bullmer.de\/en\/"},{"@type":"ListItem","position":2,"name":"Contact"}]},{"@type":"WebSite","@id":"https:\/\/www.bullmer.de\/en\/#website","url":"https:\/\/www.bullmer.de\/en\/","name":"Bullmer","description":"Digital Cutting","publisher":{"@id":"https:\/\/www.bullmer.de\/en\/#organization"},"potentialAction":[{"@type":"SearchAction","target":{"@type":"EntryPoint","urlTemplate":"https:\/\/www.bullmer.de\/en\/?s={search_term_string}"},"query-input":{"@type":"PropertyValueSpecification","valueRequired":true,"valueName":"search_term_string"}}],"inLanguage":"en-US"},{"@type":"Organization","@id":"https:\/\/www.bullmer.de\/en\/#organization","name":"bullmer GmbH","url":"https:\/\/www.bullmer.de\/en\/","logo":{"@type":"ImageObject","inLanguage":"en-US","@id":"https:\/\/www.bullmer.de\/en\/#\/schema\/logo\/image\/","url":"https:\/\/www.bullmer.de\/wp-content\/uploads\/2018\/09\/logo.svg","contentUrl":"https:\/\/www.bullmer.de\/wp-content\/uploads\/2018\/09\/logo.svg","width":102,"height":36,"caption":"bullmer GmbH"},"image":{"@id":"https:\/\/www.bullmer.de\/en\/#\/schema\/logo\/image\/"},"sameAs":["https:\/\/www.youtube.com\/channel\/UCL98Mza2ubvzU26VxIatKbw"]}]}},"_links":{"self":[{"href":"https:\/\/www.bullmer.de\/en\/wp-json\/wp\/v2\/pages\/4193","targetHints":{"allow":["GET"]}}],"collection":[{"href":"https:\/\/www.bullmer.de\/en\/wp-json\/wp\/v2\/pages"}],"about":[{"href":"https:\/\/www.bullmer.de\/en\/wp-json\/wp\/v2\/types\/page"}],"author":[{"embeddable":true,"href":"https:\/\/www.bullmer.de\/en\/wp-json\/wp\/v2\/users\/2"}],"replies":[{"embeddable":true,"href":"https:\/\/www.bullmer.de\/en\/wp-json\/wp\/v2\/comments?post=4193"}],"version-history":[{"count":4,"href":"https:\/\/www.bullmer.de\/en\/wp-json\/wp\/v2\/pages\/4193\/revisions"}],"predecessor-version":[{"id":4784,"href":"https:\/\/www.bullmer.de\/en\/wp-json\/wp\/v2\/pages\/4193\/revisions\/4784"}],"wp:attachment":[{"href":"https:\/\/www.bullmer.de\/en\/wp-json\/wp\/v2\/media?parent=4193"}],"curies":[{"name":"wp","href":"https:\/\/api.w.org\/{rel}","templated":true}]}}