{"id":4385,"date":"2019-08-29T13:31:10","date_gmt":"2019-08-29T13:31:10","guid":{"rendered":"https:\/\/www.bullmer.de\/?page_id=4385"},"modified":"2025-11-20T17:10:14","modified_gmt":"2025-11-20T16:10:14","slug":"dealer","status":"publish","type":"page","link":"https:\/\/www.bullmer.de\/en\/contact\/dealer\/","title":{"rendered":"Dealer"},"content":{"rendered":"<div class=\"container-narrow pb-3\">\n<h2 class=\"wp-block-heading\">Become a bullmer dealer!<\/h2>\n<\/div>\n\n<div class=\"container-narrow pb-3\">\n<p>bullmer is a leading global company of innovative cutting and spreading systems for processing textile and flexible materials. Bullmer offers a complete solution for your production processes, from material feeding to cutting software and the cutting system.<\/p>\n<\/div>\n\n<div class=\"container-narrow pb-3\">\n<p>As a bullmer dealer you benefit from:<\/p>\n<\/div>\n\n<div class=\"container-narrow pb-3\">\n<ul class=\"wp-block-list\">\n<li>\ufeff\ufeffa strong brand with over 90 years of experience = a broad product portfolio for different industries and requirements<\/li>\n\n\n\n<li>\ufeffIndividual advice and support from our competent team<\/li>\n\n\n\n<li>a fast and reliable service at a fair price a bullmer lifestyle for every sales employee<\/li>\n<\/ul>\n<\/div>\n\n<div class=\"container-narrow pb-3\">\n<p>If you are interested in becoming a bullmer dealer please contact us at inf&#111;&#64;b&#117;ll&#109;&#101;&#114;&#46;d&#101;<\/p>\n<\/div>\n\n<div class=\"container-narrow pb-3\">\n<p><strong>We look forward to receiving your application!<\/strong><\/p>\n<\/div>\n\n<div class=\"container-narrow\">\n<hr class=\"wp-block-separator has-alpha-channel-opacity\"\/>\n<\/div>\n\n<div class=\"container-narrow pb-3\">\n<h3 class=\"wp-block-heading\">Germany &#8211;<br>bullmer GmbH<\/h3>\n<\/div>\n\n<div class=\"container-narrow pb-3\">\n<p>Heutal 7<br>72537 Mehrstetten<\/p>\n<\/div>\n\n<div class=\"container-narrow\">\n<hr class=\"wp-block-separator has-alpha-channel-opacity\"\/>\n<\/div>\n\n<div class=\"container-narrow pb-3\">\n<h3 class=\"wp-block-heading\">Austria &#8211;<br>Esto-Schintex Kft.<\/h3>\n<\/div>\n\n<div class=\"container-narrow pb-3\">\n<p>Zsigmond kir. u. 2<br>HU-9789 S\u00e9<\/p>\n<\/div>\n\n<div class=\"container-narrow pb-3\">\n<h3 class=\"wp-block-heading\">Austria (EAST)-<br>PARMEL, s. r. o<\/h3>\n<\/div>\n\n<div class=\"container-narrow pb-3\">\n<p>Tom\u00e1\u0161ikova 30<br>82101 Bratislava<\/p>\n<\/div>\n\n<div class=\"container-narrow\">\n<hr class=\"wp-block-separator has-alpha-channel-opacity\"\/>\n<\/div>\n\n<div class=\"container-narrow pb-3\">\n<h3 class=\"wp-block-heading\">Bangladesh &#8211;<br>UNI-ASIA Associates Ltd.<\/h3>\n<\/div>\n\n<div class=\"container-narrow pb-3\">\n<p>House No. &#8211; 20<br>(1s Road No. &#8211; 06 Sector No. \u2013 01, Uttara Dhaka 1230<br>Bangladesh<br>M. A. Saleque<\/p>\n<\/div>\n\n<div class=\"container-narrow pb-3\">\n<h3 class=\"wp-block-heading\">Bangladesh \u2013<br>Winda Technology Ltd<\/h3>\n<\/div>\n\n<div class=\"container-narrow pb-3\">\n<p>House 38<br>lift3, Road 13, Sektor 13, Uttara, Dhaka, Bangladesh<\/p>\n<\/div>\n\n<div class=\"container-narrow\">\n<hr class=\"wp-block-separator has-alpha-channel-opacity\"\/>\n<\/div>\n\n<div class=\"container-narrow pb-3\">\n<h3 class=\"wp-block-heading\">Brazil &#8211;<br>Silmaq<\/h3>\n<\/div>\n\n<div class=\"container-narrow pb-3\">\n<p>Rua Rep\u00fablica Argentina<br>2025 &#8211; Ponta Aguda<br>Blumenau-SC &#8211; CEP 89050-101<\/p>\n<\/div>\n\n<div class=\"container-narrow\">\n<hr class=\"wp-block-separator has-alpha-channel-opacity\"\/>\n<\/div>\n\n<div class=\"container-narrow pb-3\">\n<h3 class=\"wp-block-heading\">Bulgaria &#8211;<br>I.N.A. Trading<\/h3>\n<\/div>\n\n<div class=\"container-narrow pb-3\">\n<p>Okolovrasten pat` 253, BG-1766, Sofia<\/p>\n<\/div>\n\n<div class=\"container-narrow\">\n<hr class=\"wp-block-separator has-alpha-channel-opacity\"\/>\n<\/div>\n\n<div class=\"container-narrow pb-3\">\n<h3 class=\"wp-block-heading\">China &#8211;<br>Bullmer Mechanical and Electrical Technology Co. Ltd<\/h3>\n<\/div>\n\n<div class=\"container-narrow pb-3\">\n<p>No. 181 Qiyihe Road, Jiangnan Stree<br>317000 Taizhou<br>Zhejiang Province<\/p>\n<\/div>\n\n<div class=\"container-narrow\">\n<hr class=\"wp-block-separator has-alpha-channel-opacity\"\/>\n<\/div>\n\n<div class=\"container-narrow pb-3\">\n<h3 class=\"wp-block-heading\">Czech Republic &#8211;<br>PFAFF SERVIS spol. s r.o.<\/h3>\n<\/div>\n\n<div class=\"container-narrow pb-3\">\n<p>Bohumira Smerala 3773\/19<br>79601 Prostejov<\/p>\n<\/div>\n\n<div class=\"container-narrow\">\n<hr class=\"wp-block-separator has-alpha-channel-opacity\"\/>\n<\/div>\n\n<div class=\"container-narrow pb-3\">\n<h3 class=\"wp-block-heading\">Croatia &#8211;<br>LTS d.o.o.<\/h3>\n<\/div>\n\n<div class=\"container-narrow pb-3\">\n<p>Trg. Sv. Trojstva 3<br>42230 Ludbreg<br>Croatia<\/p>\n<\/div>\n\n<div class=\"container-narrow\">\n<hr class=\"wp-block-separator has-alpha-channel-opacity\"\/>\n<\/div>\n\n<div class=\"container-narrow pb-3\">\n<h3 class=\"wp-block-heading\">Finland &#8211;<br>Scantima Maskin OY<\/h3>\n<\/div>\n\n<div class=\"container-narrow pb-3\">\n<p>Hermiankatu 6 &#8211; 8 G<br>Tampere 33 720<\/p>\n<\/div>\n\n<div class=\"container-narrow\">\n<hr class=\"wp-block-separator has-alpha-channel-opacity\"\/>\n<\/div>\n\n<div class=\"container-narrow pb-3\">\n<h3 class=\"wp-block-heading\">Hungary &#8211;<br>Esto-Schintex Kft.<\/h3>\n<\/div>\n\n<div class=\"container-narrow pb-3\">\n<p>Zsigmond kir. u. 2<br>HU-9789 S\u00e9<\/p>\n<\/div>\n\n<div class=\"container-narrow\">\n<hr class=\"wp-block-separator has-alpha-channel-opacity\"\/>\n<\/div>\n\n<div class=\"container-narrow pb-3\">\n<h3 class=\"wp-block-heading\">Italy &#8211;<br>Sistemi Assyst Srl<\/h3>\n<\/div>\n\n<div class=\"container-narrow pb-3\">\n<p>Via Mascagni, 12<br>20020 &#8211; Lainate (MI)<\/p>\n<\/div>\n\n<div class=\"container-narrow pb-3\">\n<h3 class=\"wp-block-heading\">Italy &#8211; <br>Domeinico Verlotta Graphic Industry<\/h3>\n<\/div>\n\n<div class=\"container-narrow pb-3\">\n<p>Tel.: +39 333 111 7831  Mail: &#100;o&#109;enic&#111;&#64;&#118;er&#108;&#111;&#116;&#116;a.c&#111;&#109;<\/p>\n<\/div>\n\n<div class=\"container-narrow\">\n<hr class=\"wp-block-separator has-alpha-channel-opacity\"\/>\n<\/div>\n\n<div class=\"container-narrow pb-3\">\n<h3 class=\"wp-block-heading\">Latvia, Lithuania, Estonia &#8211;<br>INTELLTEX<\/h3>\n<\/div>\n\n<div class=\"container-narrow pb-3\">\n<p>Architektu st. 111-28, LT-04211 Vilnius, Lithuania<\/p>\n<\/div>\n\n<div class=\"container-narrow pb-3\">\n<p><a href=\"http:\/\/www.intelltex.lt\/\">www.intelltex.lt<\/a><br><a href=\"m&#97;i&#108;&#116;o:i&#110;f&#111;&#64;&#105;ntell&#116;e&#120;&#46;&#99;o&#109;\">in&#102;o&#64;&#105;ntel&#108;&#116;e&#120;&#46;co&#109;<\/a><\/p>\n<\/div>\n\n<div class=\"container-narrow\">\n<hr class=\"wp-block-separator has-alpha-channel-opacity\"\/>\n<\/div>\n\n<div class=\"container-narrow pb-3\">\n<h3 class=\"wp-block-heading\">Morocco &#8211;<br>Karisma<\/h3>\n<\/div>\n\n<div class=\"container-narrow pb-3\">\n<p>97 Bd Mohammed V<br>Casablanca<\/p>\n<\/div>\n\n<div class=\"container-narrow pb-3\">\n<h3 class=\"wp-block-heading\">Morocco &#8211; Afrique du Nord &#8211; North Africa<br>Gautier Houz\u00e9 de l\u00b4Aulnoit<\/h3>\n<\/div>\n\n<div class=\"container-narrow pb-3\">\n<p>Tous Textiles techniques hors Habillement<br>Non Apparel &amp; Technical textile<\/p>\n<\/div>\n\n<div class=\"container-narrow pb-3\">\n<h3 class=\"wp-block-heading\">Morocco &#8211;<br>Soci\u00e9t\u00e9 Texco Maroc SARL\/AU<\/h3>\n<\/div>\n\n\n<div class=\"wp-block-columns is-layout-flex wp-container-core-columns-is-layout-28f84493 wp-block-columns-is-layout-flex\">\n<div class=\"wp-block-column is-layout-flow wp-block-column-is-layout-flow\" style=\"flex-basis:100%\"><div class=\"container-narrow pb-3\">\n<p><a>N\u00b044, Avenue Mohamed Slaoui, Fes 30050, Morocc<\/a>o<\/p>\n<\/div>\n\n<div class=\"container-narrow pb-3\">\n<p><a href=\"&#109;ai&#108;&#116;&#111;:&#111;f&#102;ic&#101;&#64;t&#101;x&#99;o.m&#97;\">&#111;f&#102;&#105;c&#101;&#64;&#116;&#101;xco&#46;&#109;&#97;<\/a><\/p>\n<\/div>\n\n<div class=\"container-narrow\">\n<hr class=\"wp-block-separator has-alpha-channel-opacity\"\/>\n<\/div><\/div>\n<\/div>\n\n\n<div class=\"container-narrow pb-3\">\n<h3 class=\"wp-block-heading\">Norway-<br>Amatec AS<\/h3>\n<\/div>\n\n<div class=\"container-narrow pb-3\">\n<p>Sykkylvsvegen 413<br>N-6230 Sykkylven<\/p>\n<\/div>\n\n<div class=\"container-narrow\">\n<hr class=\"wp-block-separator has-alpha-channel-opacity\"\/>\n<\/div>\n\n<div class=\"container-narrow pb-3\">\n<h3 class=\"wp-block-heading\">Poland &#8211;<br>Contec Sp. z o.o.<\/h3>\n<\/div>\n\n<div class=\"container-narrow pb-3\">\n<p>Ul. Ks. Kazimierza Janika 4<br>95-050 Konstantyn\u00f3w \u0141\u00f3dzki&nbsp;<\/p>\n<\/div>\n\n<div class=\"container-narrow pb-3\">\n<h3 class=\"wp-block-heading\">Poland &#8211;<br>Cut Service Sp. z o.o.<\/h3>\n<\/div>\n\n<div class=\"container-narrow pb-3\">\n<p>Ul. Tadeusza Regera 61<br>43-382 Bielsko-Bia\u0142a<\/p>\n<\/div>\n\n<div class=\"container-narrow\">\n<hr class=\"wp-block-separator has-alpha-channel-opacity\"\/>\n<\/div>\n\n<div class=\"container-narrow pb-3\">\n<h3 class=\"wp-block-heading\">Portugal &#8211;<br>Invescorte \u2013 Computadores e Sistemas, S.A.<\/h3>\n<\/div>\n\n<div class=\"container-narrow pb-3\">\n<p>Herculano Felizardo<br>Largo dos Mogos,144<br>4470-343 Vermoim \u2013 Maia Portugal<\/p>\n<\/div>\n\n<div class=\"container-narrow\">\n<hr class=\"wp-block-separator has-alpha-channel-opacity\"\/>\n<\/div>\n\n<div class=\"container-narrow pb-3\">\n<h3 class=\"wp-block-heading\">Romania &#8211;<br>SC Texco Industrietechnik SRL<\/h3>\n<\/div>\n\n<div class=\"container-narrow pb-3\">\n<p>Doljului Str. 2\/88<br>550063 Sibiu<br>Romania<\/p>\n<\/div>\n\n<div class=\"container-narrow\">\n<hr class=\"wp-block-separator has-alpha-channel-opacity\"\/>\n<\/div>\n\n<div class=\"container-narrow pb-3\">\n<h3 class=\"wp-block-heading\">Saudi Arabia &#8211;<br>AL-Naseej Al-arabi Co.LTD<\/h3>\n<\/div>\n\n<div class=\"container-narrow pb-3\">\n<p>Kingdom of Saudi Arabia<br>Jeddah<\/p>\n<\/div>\n\n<div class=\"container-narrow\">\n<hr class=\"wp-block-separator has-alpha-channel-opacity\"\/>\n<\/div>\n\n<div class=\"container-narrow pb-3\">\n<h3 class=\"wp-block-heading\">Spain &#8211;<br>SAMATEX Group<\/h3>\n<\/div>\n\n<div class=\"container-narrow pb-3\">\n<p>C\/L&#8217;Horteta, 35<br>46138 &#8211; Rafelbunol<\/p>\n<\/div>\n\n<div class=\"container-narrow\">\n<hr class=\"wp-block-separator has-alpha-channel-opacity\"\/>\n<\/div>\n\n<div class=\"container-narrow pb-3\">\n<h3 class=\"wp-block-heading\">Sweden &#8211;<br>Indukta AB<\/h3>\n<\/div>\n\n<div class=\"container-narrow pb-3\">\n<p>Viaredsv\u00e4gen 22 B<br>SE-504 64 Bor\u00e5s<\/p>\n<\/div>\n\n<div class=\"container-narrow\">\n<hr class=\"wp-block-separator has-alpha-channel-opacity\"\/>\n<\/div>\n\n<div class=\"container-narrow pb-3\">\n<h3 class=\"wp-block-heading\">Slovakia &#8211;<br>OK PFAFF, Ing. Oliver Kraj\u0148\u00e1k, Ing.<\/h3>\n<\/div>\n\n<div class=\"container-narrow pb-3\">\n<p>Ko\u017eucha 8<br>05201 Spi\u0161sk\u00e1 Nov\u00e1 Ves<\/p>\n<\/div>\n\n<div class=\"container-narrow pb-3\">\n<h3 class=\"wp-block-heading\">Slovakia &#8211;<br>PARMEL, s. r. o<\/h3>\n<\/div>\n\n<div class=\"container-narrow pb-3\">\n<p>Tom\u00e1\u0161ikova 30<br>82101 Bratislava<\/p>\n<\/div>\n\n<div class=\"container-narrow\">\n<hr class=\"wp-block-separator has-alpha-channel-opacity\"\/>\n<\/div>\n\n<div class=\"container-narrow pb-3\">\n<h3 class=\"wp-block-heading\">Tunisia &#8211;<br>TECHNOVET INTERNATIONAL<\/h3>\n<\/div>\n\n<div class=\"container-narrow pb-3\">\n<p>Rue Omar Kaddeh<br>Immeuble le Montplaisir 2eme etage 25B<br>Avenue Kheireddine Pacha<br>1073 Montplaisir<\/p>\n<\/div>\n\n<div class=\"container-narrow\">\n<hr class=\"wp-block-separator has-alpha-channel-opacity\"\/>\n<\/div>\n\n<div class=\"container-narrow pb-3\">\n<h3 class=\"wp-block-heading\">Turkey &#8211;<br>ASTAS END\u00dcSTRI TEKSTIL MAKIN-ALARI SANAYI VE TICARE<\/h3>\n<\/div>\n\n<div class=\"container-narrow pb-3\">\n<p>Astas Plaza<br>Kocman CAD No: 57<br>TR-34600 G\u00fcnesli \/ Istanbul<\/p>\n<\/div>\n\n<div class=\"container-narrow\">\n<hr class=\"wp-block-separator has-alpha-channel-opacity\"\/>\n<\/div>\n\n<div class=\"container-narrow pb-3\">\n<h3 class=\"wp-block-heading\">Ukraine &#8211;<b><span lang=\"EN-US\"><br><\/span><\/b>Ltd Texco Ukraine<\/h3>\n<\/div>\n\n<div class=\"container-narrow pb-3\">\n<p>13312 Berdychiv<br>Kateryna Matsiuk, Korolenka Street 39o<\/p>\n<\/div>\n\n<div class=\"container-narrow pb-3\">\n<h3 class=\"wp-block-heading\">Ukraine &#8211;<b><span lang=\"EN-US\"><br><\/span><\/b>INTELLTEX<\/h3>\n<\/div>\n\n<div class=\"container-narrow pb-3\">\n<p>11 Dniprostalivska Street, Building 11<br>49051 Dnipro, Ukraine<\/p>\n<\/div>\n\n<div class=\"container-narrow pb-3\">\n<p><a href=\"http:\/\/www.intelltex.com\/\">www.intelltex.com<\/a><br><a href=\"&#109;&#97;ilt&#111;&#58;&#105;&#110;&#102;&#111;&#64;&#105;&#110;t&#101;&#108;l&#116;&#101;&#120;.com\">i&#110;fo&#64;&#105;ntel&#108;&#116;&#101;x&#46;&#99;om<\/a><\/p>\n<\/div>\n\n<div class=\"container-narrow\">\n<hr class=\"wp-block-separator has-alpha-channel-opacity\"\/>\n<\/div>\n\n<div class=\"container-narrow pb-3\">\n<h3 class=\"wp-block-heading\">United Kingdom &#8211;<br>ASSYST BULLMER LIMITED<\/h3>\n<\/div>\n\n<div class=\"container-narrow pb-3\">\n<p>Unit 3B, South Park Way,<br>Wakefield 41 Business Park,<br>Wakefield WF2 0XJ<br>West Yorkshire United Kingdom<\/p>\n<\/div>\n\n<div class=\"container-narrow\">\n<hr class=\"wp-block-separator has-alpha-channel-opacity\"\/>\n<\/div>\n\n<div class=\"container-narrow pb-3\">\n<h3 class=\"wp-block-heading\">United States \u2013<br>CCTS, LLC<\/h3>\n<\/div>\n\n<div class=\"container-narrow pb-3\">\n<p>Henk Monsma<br>PO Box 833<br>Fuquay Varina, NC 27526<\/p>\n<\/div>","protected":false},"excerpt":{"rendered":"<p>Become a bullmer dealer! bullmer is a leading global company of innovative cutting and spreading systems for processing textile and flexible materials. Bullmer offers a complete solution for your production processes, from material feeding to cutting software and the cutting system. As a bullmer dealer you benefit from: If you are interested in becoming a [&hellip;]<\/p>\n","protected":false},"author":4,"featured_media":0,"parent":4193,"menu_order":0,"comment_status":"closed","ping_status":"closed","template":"","meta":{"_acf_changed":false,"footnotes":""},"class_list":["post-4385","page","type-page","status-publish","hentry"],"acf":[],"yoast_head":"<!-- This site is optimized with the Yoast SEO plugin v27.3 - https:\/\/yoast.com\/product\/yoast-seo-wordpress\/ -->\n<title>Dealer - bullmer<\/title>\n<meta name=\"robots\" content=\"index, follow, max-snippet:-1, max-image-preview:large, max-video-preview:-1\" \/>\n<link rel=\"canonical\" href=\"https:\/\/www.bullmer.de\/en\/contact\/dealer\/\" \/>\n<meta property=\"og:locale\" content=\"en_US\" \/>\n<meta property=\"og:type\" content=\"article\" \/>\n<meta property=\"og:title\" content=\"Dealer - bullmer\" \/>\n<meta property=\"og:description\" content=\"Become a bullmer dealer! bullmer is a leading global company of innovative cutting and spreading systems for processing textile and flexible materials. Bullmer offers a complete solution for your production processes, from material feeding to cutting software and the cutting system. As a bullmer dealer you benefit from: If you are interested in becoming a [&hellip;]\" \/>\n<meta property=\"og:url\" content=\"https:\/\/www.bullmer.de\/en\/contact\/dealer\/\" \/>\n<meta property=\"og:site_name\" content=\"bullmer\" \/>\n<meta property=\"article:modified_time\" content=\"2025-11-20T16:10:14+00:00\" \/>\n<meta name=\"twitter:card\" content=\"summary_large_image\" \/>\n<meta name=\"twitter:label1\" content=\"Est. reading time\" \/>\n\t<meta name=\"twitter:data1\" content=\"3 minutes\" \/>\n<script type=\"application\/ld+json\" class=\"yoast-schema-graph\">{\"@context\":\"https:\\\/\\\/schema.org\",\"@graph\":[{\"@type\":\"WebPage\",\"@id\":\"https:\\\/\\\/www.bullmer.de\\\/en\\\/contact\\\/dealer\\\/\",\"url\":\"https:\\\/\\\/www.bullmer.de\\\/en\\\/contact\\\/dealer\\\/\",\"name\":\"Dealer - bullmer\",\"isPartOf\":{\"@id\":\"https:\\\/\\\/www.bullmer.de\\\/en\\\/#website\"},\"datePublished\":\"2019-08-29T13:31:10+00:00\",\"dateModified\":\"2025-11-20T16:10:14+00:00\",\"breadcrumb\":{\"@id\":\"https:\\\/\\\/www.bullmer.de\\\/en\\\/contact\\\/dealer\\\/#breadcrumb\"},\"inLanguage\":\"en-US\",\"potentialAction\":[{\"@type\":\"ReadAction\",\"target\":[\"https:\\\/\\\/www.bullmer.de\\\/en\\\/contact\\\/dealer\\\/\"]}]},{\"@type\":\"BreadcrumbList\",\"@id\":\"https:\\\/\\\/www.bullmer.de\\\/en\\\/contact\\\/dealer\\\/#breadcrumb\",\"itemListElement\":[{\"@type\":\"ListItem\",\"position\":1,\"name\":\"Startseite\",\"item\":\"https:\\\/\\\/www.bullmer.de\\\/en\\\/\"},{\"@type\":\"ListItem\",\"position\":2,\"name\":\"Contact\",\"item\":\"https:\\\/\\\/www.bullmer.de\\\/en\\\/contact\\\/\"},{\"@type\":\"ListItem\",\"position\":3,\"name\":\"Dealer\"}]},{\"@type\":\"WebSite\",\"@id\":\"https:\\\/\\\/www.bullmer.de\\\/en\\\/#website\",\"url\":\"https:\\\/\\\/www.bullmer.de\\\/en\\\/\",\"name\":\"Bullmer\",\"description\":\"Digital Cutting\",\"publisher\":{\"@id\":\"https:\\\/\\\/www.bullmer.de\\\/en\\\/#organization\"},\"potentialAction\":[{\"@type\":\"SearchAction\",\"target\":{\"@type\":\"EntryPoint\",\"urlTemplate\":\"https:\\\/\\\/www.bullmer.de\\\/en\\\/?s={search_term_string}\"},\"query-input\":{\"@type\":\"PropertyValueSpecification\",\"valueRequired\":true,\"valueName\":\"search_term_string\"}}],\"inLanguage\":\"en-US\"},{\"@type\":\"Organization\",\"@id\":\"https:\\\/\\\/www.bullmer.de\\\/en\\\/#organization\",\"name\":\"bullmer GmbH\",\"url\":\"https:\\\/\\\/www.bullmer.de\\\/en\\\/\",\"logo\":{\"@type\":\"ImageObject\",\"inLanguage\":\"en-US\",\"@id\":\"https:\\\/\\\/www.bullmer.de\\\/en\\\/#\\\/schema\\\/logo\\\/image\\\/\",\"url\":\"https:\\\/\\\/www.bullmer.de\\\/wp-content\\\/uploads\\\/2018\\\/09\\\/logo.svg\",\"contentUrl\":\"https:\\\/\\\/www.bullmer.de\\\/wp-content\\\/uploads\\\/2018\\\/09\\\/logo.svg\",\"width\":102,\"height\":36,\"caption\":\"bullmer GmbH\"},\"image\":{\"@id\":\"https:\\\/\\\/www.bullmer.de\\\/en\\\/#\\\/schema\\\/logo\\\/image\\\/\"},\"sameAs\":[\"https:\\\/\\\/www.youtube.com\\\/channel\\\/UCL98Mza2ubvzU26VxIatKbw\"]}]}<\/script>\n<!-- \/ Yoast SEO plugin. -->","yoast_head_json":{"title":"Dealer - bullmer","robots":{"index":"index","follow":"follow","max-snippet":"max-snippet:-1","max-image-preview":"max-image-preview:large","max-video-preview":"max-video-preview:-1"},"canonical":"https:\/\/www.bullmer.de\/en\/contact\/dealer\/","og_locale":"en_US","og_type":"article","og_title":"Dealer - bullmer","og_description":"Become a bullmer dealer! bullmer is a leading global company of innovative cutting and spreading systems for processing textile and flexible materials. Bullmer offers a complete solution for your production processes, from material feeding to cutting software and the cutting system. As a bullmer dealer you benefit from: If you are interested in becoming a [&hellip;]","og_url":"https:\/\/www.bullmer.de\/en\/contact\/dealer\/","og_site_name":"bullmer","article_modified_time":"2025-11-20T16:10:14+00:00","twitter_card":"summary_large_image","twitter_misc":{"Est. reading time":"3 minutes"},"schema":{"@context":"https:\/\/schema.org","@graph":[{"@type":"WebPage","@id":"https:\/\/www.bullmer.de\/en\/contact\/dealer\/","url":"https:\/\/www.bullmer.de\/en\/contact\/dealer\/","name":"Dealer - bullmer","isPartOf":{"@id":"https:\/\/www.bullmer.de\/en\/#website"},"datePublished":"2019-08-29T13:31:10+00:00","dateModified":"2025-11-20T16:10:14+00:00","breadcrumb":{"@id":"https:\/\/www.bullmer.de\/en\/contact\/dealer\/#breadcrumb"},"inLanguage":"en-US","potentialAction":[{"@type":"ReadAction","target":["https:\/\/www.bullmer.de\/en\/contact\/dealer\/"]}]},{"@type":"BreadcrumbList","@id":"https:\/\/www.bullmer.de\/en\/contact\/dealer\/#breadcrumb","itemListElement":[{"@type":"ListItem","position":1,"name":"Startseite","item":"https:\/\/www.bullmer.de\/en\/"},{"@type":"ListItem","position":2,"name":"Contact","item":"https:\/\/www.bullmer.de\/en\/contact\/"},{"@type":"ListItem","position":3,"name":"Dealer"}]},{"@type":"WebSite","@id":"https:\/\/www.bullmer.de\/en\/#website","url":"https:\/\/www.bullmer.de\/en\/","name":"Bullmer","description":"Digital Cutting","publisher":{"@id":"https:\/\/www.bullmer.de\/en\/#organization"},"potentialAction":[{"@type":"SearchAction","target":{"@type":"EntryPoint","urlTemplate":"https:\/\/www.bullmer.de\/en\/?s={search_term_string}"},"query-input":{"@type":"PropertyValueSpecification","valueRequired":true,"valueName":"search_term_string"}}],"inLanguage":"en-US"},{"@type":"Organization","@id":"https:\/\/www.bullmer.de\/en\/#organization","name":"bullmer GmbH","url":"https:\/\/www.bullmer.de\/en\/","logo":{"@type":"ImageObject","inLanguage":"en-US","@id":"https:\/\/www.bullmer.de\/en\/#\/schema\/logo\/image\/","url":"https:\/\/www.bullmer.de\/wp-content\/uploads\/2018\/09\/logo.svg","contentUrl":"https:\/\/www.bullmer.de\/wp-content\/uploads\/2018\/09\/logo.svg","width":102,"height":36,"caption":"bullmer GmbH"},"image":{"@id":"https:\/\/www.bullmer.de\/en\/#\/schema\/logo\/image\/"},"sameAs":["https:\/\/www.youtube.com\/channel\/UCL98Mza2ubvzU26VxIatKbw"]}]}},"_links":{"self":[{"href":"https:\/\/www.bullmer.de\/en\/wp-json\/wp\/v2\/pages\/4385","targetHints":{"allow":["GET"]}}],"collection":[{"href":"https:\/\/www.bullmer.de\/en\/wp-json\/wp\/v2\/pages"}],"about":[{"href":"https:\/\/www.bullmer.de\/en\/wp-json\/wp\/v2\/types\/page"}],"author":[{"embeddable":true,"href":"https:\/\/www.bullmer.de\/en\/wp-json\/wp\/v2\/users\/4"}],"replies":[{"embeddable":true,"href":"https:\/\/www.bullmer.de\/en\/wp-json\/wp\/v2\/comments?post=4385"}],"version-history":[{"count":47,"href":"https:\/\/www.bullmer.de\/en\/wp-json\/wp\/v2\/pages\/4385\/revisions"}],"predecessor-version":[{"id":32818,"href":"https:\/\/www.bullmer.de\/en\/wp-json\/wp\/v2\/pages\/4385\/revisions\/32818"}],"up":[{"embeddable":true,"href":"https:\/\/www.bullmer.de\/en\/wp-json\/wp\/v2\/pages\/4193"}],"wp:attachment":[{"href":"https:\/\/www.bullmer.de\/en\/wp-json\/wp\/v2\/media?parent=4385"}],"curies":[{"name":"wp","href":"https:\/\/api.w.org\/{rel}","templated":true}]}}